{"id":179,"date":"2025-08-21T12:27:02","date_gmt":"2025-08-21T12:27:02","guid":{"rendered":"https:\/\/site45.sitetemporario.pt\/?post_type=product&#038;p=179"},"modified":"2025-08-21T15:03:18","modified_gmt":"2025-08-21T15:03:18","slug":"doces-personalizados","status":"publish","type":"product","link":"https:\/\/site45.sitetemporario.pt\/?product=doces-personalizados","title":{"rendered":"Doces Personalizados"},"content":{"rendered":"<h3 data-start=\"2621\" data-end=\"2644\">Op\u00e7\u00f5es de Escolha<\/h3>\n<ul data-start=\"2646\" data-end=\"3009\">\n<li data-start=\"2646\" data-end=\"2786\">\n<p data-start=\"2648\" data-end=\"2662\"><strong data-start=\"2648\" data-end=\"2660\">Cupcakes<\/strong><\/p>\n<ul data-start=\"2666\" data-end=\"2786\">\n<li data-start=\"2666\" data-end=\"2689\">\n<p data-start=\"2668\" data-end=\"2689\">Simples ou com tema<\/p>\n<\/li>\n<li data-start=\"2693\" data-end=\"2741\">\n<p data-start=\"2695\" data-end=\"2741\">Campo para preencher tema (caso seja o caso)<\/p>\n<\/li>\n<li data-start=\"2745\" data-end=\"2763\">\n<p data-start=\"2747\" data-end=\"2763\">Escolha da cor<\/p>\n<\/li>\n<li data-start=\"2767\" data-end=\"2786\">\n<p data-start=\"2769\" data-end=\"2786\">Massa e Recheio<\/p>\n<\/li>\n<\/ul>\n<\/li>\n<li data-start=\"2788\" data-end=\"2905\">\n<p data-start=\"2790\" data-end=\"2804\"><strong data-start=\"2790\" data-end=\"2802\">Popcakes<\/strong><\/p>\n<ul data-start=\"2808\" data-end=\"2905\">\n<li data-start=\"2808\" data-end=\"2831\">\n<p data-start=\"2810\" data-end=\"2831\">Simples ou com tema<\/p>\n<\/li>\n<li data-start=\"2835\" data-end=\"2883\">\n<p data-start=\"2837\" data-end=\"2883\">Campo para preencher tema (caso seja o caso)<\/p>\n<\/li>\n<li data-start=\"2887\" data-end=\"2905\">\n<p data-start=\"2889\" data-end=\"2905\">Escolha da cor<\/p>\n<\/li>\n<\/ul>\n<\/li>\n<li data-start=\"2907\" data-end=\"3009\">\n<p data-start=\"2909\" data-end=\"2923\"><strong data-start=\"2909\" data-end=\"2921\">Bolachas<\/strong><\/p>\n<ul data-start=\"2927\" data-end=\"3009\">\n<li data-start=\"2927\" data-end=\"2957\">\n<p data-start=\"2929\" data-end=\"2957\">Tema <em data-start=\"2934\" data-end=\"2955\">(campo obrigat\u00f3rio)<\/em><\/p>\n<\/li>\n<li data-start=\"2961\" data-end=\"3009\">\n<p data-start=\"2963\" data-end=\"3009\">Pasta de a\u00e7\u00facar <strong data-start=\"2979\" data-end=\"2991\">impressa<\/strong> ou <strong data-start=\"2995\" data-end=\"3007\">modelada<\/strong><\/p>\n<\/li>\n<\/ul>\n<\/li>\n<\/ul>\n","protected":false},"excerpt":{"rendered":"<p style=\"text-align: justify;\" data-start=\"1813\" data-end=\"1903\">Os pequenos detalhes que tornam a sua festa verdadeiramente memor\u00e1vel\ud800\uddc1.<\/p>\n<p style=\"text-align: justify;\" data-start=\"1905\" data-end=\"2147\">Quer surpreender os seus convidados com algo bonito, delicioso e absolutamente encantador?<\/p>\n<p style=\"text-align: justify;\" data-start=\"1905\" data-end=\"2147\">Os nossos doces personalizados \u2014 <strong data-start=\"2031\" data-end=\"2074\">cupcakes, popcakes e bolachas decoradas<\/strong> \u2014 s\u00e3o a escolha ideal para dar aquele toque especial \u00e0 sua celebra\u00e7\u00e3o.<\/p>\n<p style=\"text-align: justify;\" data-start=\"2149\" data-end=\"2351\">Cada pe\u00e7a \u00e9 feita \u00e0 m\u00e3o, com aten\u00e7\u00e3o ao pormenor e um cuidado est\u00e9tico que salta \u00e0 vista.E n\u00e3o \u00e9 s\u00f3 o aspeto que conquista: os sabores s\u00e3o pensados para agradar a todos e deixar vontade de repetir.<\/p>\n<p style=\"text-align: justify;\" data-start=\"2353\" data-end=\"2456\">Perfeitos para complementar a mesa do bolo, oferecer como lembran\u00e7a ou simplesmente ado\u00e7ar o momento.<\/p>\n<p style=\"text-align: justify;\" data-start=\"2458\" data-end=\"2519\">Porque cada festa merece um toque doce de exclusividade.<\/p>\n<p style=\"text-align: justify;\" data-start=\"2521\" data-end=\"2614\"><strong data-start=\"2521\" data-end=\"2612\">Encomende j\u00e1 os seus e transforme o seu evento num verdadeiro festim de sabor e estilo.<\/strong><\/p>\n","protected":false},"featured_media":180,"comment_status":"open","ping_status":"closed","template":"","meta":[],"product_brand":[],"product_cat":[34],"product_tag":[],"class_list":{"0":"post-179","1":"product","2":"type-product","3":"status-publish","4":"has-post-thumbnail","6":"product_cat-doces-personalizados","8":"first","9":"instock","10":"shipping-taxable","11":"purchasable","12":"product-type-simple"},"_links":{"self":[{"href":"https:\/\/site45.sitetemporario.pt\/index.php?rest_route=\/wp\/v2\/product\/179","targetHints":{"allow":["GET"]}}],"collection":[{"href":"https:\/\/site45.sitetemporario.pt\/index.php?rest_route=\/wp\/v2\/product"}],"about":[{"href":"https:\/\/site45.sitetemporario.pt\/index.php?rest_route=\/wp\/v2\/types\/product"}],"replies":[{"embeddable":true,"href":"https:\/\/site45.sitetemporario.pt\/index.php?rest_route=%2Fwp%2Fv2%2Fcomments&post=179"}],"wp:featuredmedia":[{"embeddable":true,"href":"https:\/\/site45.sitetemporario.pt\/index.php?rest_route=\/wp\/v2\/media\/180"}],"wp:attachment":[{"href":"https:\/\/site45.sitetemporario.pt\/index.php?rest_route=%2Fwp%2Fv2%2Fmedia&parent=179"}],"wp:term":[{"taxonomy":"product_brand","embeddable":true,"href":"https:\/\/site45.sitetemporario.pt\/index.php?rest_route=%2Fwp%2Fv2%2Fproduct_brand&post=179"},{"taxonomy":"product_cat","embeddable":true,"href":"https:\/\/site45.sitetemporario.pt\/index.php?rest_route=%2Fwp%2Fv2%2Fproduct_cat&post=179"},{"taxonomy":"product_tag","embeddable":true,"href":"https:\/\/site45.sitetemporario.pt\/index.php?rest_route=%2Fwp%2Fv2%2Fproduct_tag&post=179"}],"curies":[{"name":"wp","href":"https:\/\/api.w.org\/{rel}","templated":true}]}}