{"id":177,"date":"2025-08-21T12:26:17","date_gmt":"2025-08-21T12:26:17","guid":{"rendered":"https:\/\/site45.sitetemporario.pt\/?post_type=product&#038;p=177"},"modified":"2025-08-21T15:04:33","modified_gmt":"2025-08-21T15:04:33","slug":"bolos-personalizados","status":"publish","type":"product","link":"https:\/\/site45.sitetemporario.pt\/?product=bolos-personalizados","title":{"rendered":"Bolos Personalizados"},"content":{"rendered":"<h3 data-start=\"1146\" data-end=\"1169\">Op\u00e7\u00f5es de Escolha<\/h3>\n<ul data-start=\"1171\" data-end=\"1777\">\n<li data-start=\"1171\" data-end=\"1387\">\n<p data-start=\"1173\" data-end=\"1190\"><strong data-start=\"1173\" data-end=\"1188\">Anivers\u00e1rio<\/strong><\/p>\n<ul data-start=\"1194\" data-end=\"1387\">\n<li data-start=\"1194\" data-end=\"1205\">\n<p data-start=\"1196\" data-end=\"1205\">Tamanho<\/p>\n<\/li>\n<li data-start=\"1209\" data-end=\"1216\">\n<p data-start=\"1211\" data-end=\"1216\">Cor<\/p>\n<\/li>\n<li data-start=\"1220\" data-end=\"1312\">\n<p data-start=\"1222\" data-end=\"1312\">Massa e Recheio <em data-start=\"1238\" data-end=\"1310\">(valores ajustados conforme a escolha, tal como no site de refer\u00eancia)<\/em><\/p>\n<\/li>\n<li data-start=\"1316\" data-end=\"1349\">\n<p data-start=\"1318\" data-end=\"1349\">Campo \u201cInstru\u00e7\u00f5es adicionais\u201d<\/p>\n<\/li>\n<li data-start=\"1353\" data-end=\"1387\">\n<p data-start=\"1355\" data-end=\"1387\">Upload de imagem de inspira\u00e7\u00e3o<\/p>\n<\/li>\n<\/ul>\n<\/li>\n<li data-start=\"1389\" data-end=\"1584\">\n<p data-start=\"1391\" data-end=\"1419\"><strong data-start=\"1391\" data-end=\"1417\">Casamentos \/ Batizados<\/strong><\/p>\n<ul data-start=\"1423\" data-end=\"1584\">\n<li data-start=\"1423\" data-end=\"1434\">\n<p data-start=\"1425\" data-end=\"1434\">Tamanho<\/p>\n<\/li>\n<li data-start=\"1438\" data-end=\"1445\">\n<p data-start=\"1440\" data-end=\"1445\">Cor<\/p>\n<\/li>\n<li data-start=\"1449\" data-end=\"1509\">\n<p data-start=\"1451\" data-end=\"1509\">Massa e Recheio <em data-start=\"1467\" data-end=\"1507\">(valores ajustados conforme a escolha)<\/em><\/p>\n<\/li>\n<li data-start=\"1513\" data-end=\"1546\">\n<p data-start=\"1515\" data-end=\"1546\">Campo \u201cInstru\u00e7\u00f5es adicionais\u201d<\/p>\n<\/li>\n<li data-start=\"1550\" data-end=\"1584\">\n<p data-start=\"1552\" data-end=\"1584\">Upload de imagem de inspira\u00e7\u00e3o<\/p>\n<\/li>\n<\/ul>\n<\/li>\n<li data-start=\"1586\" data-end=\"1777\">\n<p data-start=\"1588\" data-end=\"1612\"><strong data-start=\"1588\" data-end=\"1610\">Outras Celebra\u00e7\u00f5es<\/strong><\/p>\n<ul data-start=\"1616\" data-end=\"1777\">\n<li data-start=\"1616\" data-end=\"1627\">\n<p data-start=\"1618\" data-end=\"1627\">Tamanho<\/p>\n<\/li>\n<li data-start=\"1631\" data-end=\"1638\">\n<p data-start=\"1633\" data-end=\"1638\">Cor<\/p>\n<\/li>\n<li data-start=\"1642\" data-end=\"1702\">\n<p data-start=\"1644\" data-end=\"1702\">Massa e Recheio <em data-start=\"1660\" data-end=\"1700\">(valores ajustados conforme a escolha)<\/em><\/p>\n<\/li>\n<li data-start=\"1706\" data-end=\"1739\">\n<p data-start=\"1708\" data-end=\"1739\">Campo \u201cInstru\u00e7\u00f5es adicionais\u201d<\/p>\n<\/li>\n<li data-start=\"1743\" data-end=\"1777\">\n<p data-start=\"1745\" data-end=\"1777\">Upload de imagem de inspira\u00e7\u00e3o<\/p>\n<\/li>\n<\/ul>\n<\/li>\n<\/ul>\n","protected":false},"excerpt":{"rendered":"<p style=\"text-align: justify;\" data-start=\"279\" data-end=\"363\">O bolo que transforma qualquer evento num momento inesquec\u00edvel \ud800\udf82.<\/p>\n<p style=\"text-align: justify;\" data-start=\"365\" data-end=\"497\">\u00c0 procura de algo \u00fanico, elegante e absolutamente irresist\u00edvel?<\/p>\n<p style=\"text-align: justify;\" data-start=\"365\" data-end=\"497\">Os nossos bolos s\u00e3o a escolha certa para quem quer impressionar.<\/p>\n<p style=\"text-align: justify;\" data-start=\"499\" data-end=\"610\">Com um design que combina linhas simples e modernas, cheio de personalidade, \u00e9 imposs\u00edvel passar-lhe ao lado.<\/p>\n<p style=\"text-align: justify;\" data-start=\"612\" data-end=\"787\">Feito com camadas generosas e decorado artesanalmente com buttercream, chantilly ou pasta de a\u00e7\u00facar, os nossos bolos n\u00e3o s\u00e3o apenas bonitos \u2014 s\u00e3o uma verdadeira experi\u00eancia.<\/p>\n<p style=\"text-align: justify;\" data-start=\"789\" data-end=\"981\">Dispon\u00edveis em todas as cores, adaptam-se perfeitamente a qualquer estilo de festa. Seja para um anivers\u00e1rio intimista ou uma celebra\u00e7\u00e3o em grande, este \u00e9 o detalhe que faz toda a diferen\u00e7a.<\/p>\n<p style=\"text-align: justify;\" data-start=\"983\" data-end=\"1085\">Porque os momentos especiais merecem o melhor \u2014 e os nossos bolos s\u00e3o feitos para serem lembrados.<\/p>\n<p style=\"text-align: justify;\" data-start=\"1087\" data-end=\"1139\"><strong data-start=\"1087\" data-end=\"1137\">Garanta j\u00e1 o seu. As encomendas s\u00e3o limitadas!<\/strong><\/p>\n","protected":false},"featured_media":178,"comment_status":"open","ping_status":"closed","template":"","meta":[],"product_brand":[],"product_cat":[33],"product_tag":[],"class_list":{"0":"post-177","1":"product","2":"type-product","3":"status-publish","4":"has-post-thumbnail","6":"product_cat-bolos-personalizados","8":"first","9":"instock","10":"shipping-taxable","11":"purchasable","12":"product-type-simple"},"_links":{"self":[{"href":"https:\/\/site45.sitetemporario.pt\/index.php?rest_route=\/wp\/v2\/product\/177","targetHints":{"allow":["GET"]}}],"collection":[{"href":"https:\/\/site45.sitetemporario.pt\/index.php?rest_route=\/wp\/v2\/product"}],"about":[{"href":"https:\/\/site45.sitetemporario.pt\/index.php?rest_route=\/wp\/v2\/types\/product"}],"replies":[{"embeddable":true,"href":"https:\/\/site45.sitetemporario.pt\/index.php?rest_route=%2Fwp%2Fv2%2Fcomments&post=177"}],"wp:featuredmedia":[{"embeddable":true,"href":"https:\/\/site45.sitetemporario.pt\/index.php?rest_route=\/wp\/v2\/media\/178"}],"wp:attachment":[{"href":"https:\/\/site45.sitetemporario.pt\/index.php?rest_route=%2Fwp%2Fv2%2Fmedia&parent=177"}],"wp:term":[{"taxonomy":"product_brand","embeddable":true,"href":"https:\/\/site45.sitetemporario.pt\/index.php?rest_route=%2Fwp%2Fv2%2Fproduct_brand&post=177"},{"taxonomy":"product_cat","embeddable":true,"href":"https:\/\/site45.sitetemporario.pt\/index.php?rest_route=%2Fwp%2Fv2%2Fproduct_cat&post=177"},{"taxonomy":"product_tag","embeddable":true,"href":"https:\/\/site45.sitetemporario.pt\/index.php?rest_route=%2Fwp%2Fv2%2Fproduct_tag&post=177"}],"curies":[{"name":"wp","href":"https:\/\/api.w.org\/{rel}","templated":true}]}}